{"id":50628,"date":"2023-02-06T19:58:00","date_gmt":"2023-02-06T19:58:00","guid":{"rendered":"https:\/\/weareher.com\/asian-lesbian\/"},"modified":"2024-09-23T12:24:58","modified_gmt":"2024-09-23T12:24:58","slug":"asian-lesbian","status":"publish","type":"page","link":"https:\/\/weareher.com\/de\/asian-lesbian\/","title":{"rendered":"Lesben Chat f\u00fcr asiatische Personen"},"content":{"rendered":"","protected":false},"excerpt":{"rendered":"","protected":false},"author":1,"featured_media":79277,"parent":0,"menu_order":0,"comment_status":"closed","ping_status":"closed","template":"","meta":{"inline_featured_image":false,"footnotes":""},"ppma_author":[1350],"class_list":["post-50628","page","type-page","status-publish","has-post-thumbnail","hentry"],"yoast_head":"<!-- This site is optimized with the Yoast SEO Premium plugin v26.0 (Yoast SEO v27.4) - https:\/\/yoast.com\/product\/yoast-seo-premium-wordpress\/ -->\n<title>Gr\u00f6\u00dfte asiatische Lesben Dating App - HER<\/title>\n<meta name=\"description\" content=\"Finde die Liebe, die mit deiner Identit\u00e4t \u00fcbereinstimmt, in unserer asiatischen lesbischen Dating-App. Tritt einer lebendigen sapphischen Gemeinschaft bei, in der echte Beziehungen gedeihen!\" \/>\n<meta name=\"robots\" content=\"index, follow, max-snippet:-1, max-image-preview:large, max-video-preview:-1\" \/>\n<link rel=\"canonical\" href=\"https:\/\/weareher.com\/de\/asian-lesbian\/\" \/>\n<meta property=\"og:locale\" content=\"de_DE\" \/>\n<meta property=\"og:type\" content=\"article\" \/>\n<meta property=\"og:title\" content=\"Lesben Chat f\u00fcr asiatische Personen\" \/>\n<meta property=\"og:description\" content=\"Finde die Liebe, die mit deiner Identit\u00e4t \u00fcbereinstimmt, in unserer asiatischen lesbischen Dating-App. Tritt einer lebendigen sapphischen Gemeinschaft bei, in der echte Beziehungen gedeihen!\" \/>\n<meta property=\"og:url\" content=\"https:\/\/weareher.com\/de\/asian-lesbian\/\" \/>\n<meta property=\"og:site_name\" content=\"HER\" \/>\n<meta property=\"article:publisher\" content=\"https:\/\/www.facebook.com\/hersocialapp\" \/>\n<meta property=\"article:modified_time\" content=\"2024-09-23T12:24:58+00:00\" \/>\n<meta property=\"og:image\" content=\"http:\/\/weareher.com\/wp-content\/uploads\/2024\/08\/Lesbian-chat-Avantika-and-Claira-HER-app.png\" \/>\n\t<meta property=\"og:image:width\" content=\"2000\" \/>\n\t<meta property=\"og:image:height\" content=\"1275\" \/>\n\t<meta property=\"og:image:type\" content=\"image\/png\" \/>\n<meta name=\"twitter:card\" content=\"summary_large_image\" \/>\n<meta name=\"twitter:site\" content=\"@hersocialapp\" \/>\n<meta name=\"twitter:label1\" content=\"Gesch\u00e4tzte Lesezeit\" \/>\n\t<meta name=\"twitter:data1\" content=\"1\u00a0Minute\" \/>\n<script type=\"application\/ld+json\" class=\"yoast-schema-graph\">{\"@context\":\"https:\\\/\\\/schema.org\",\"@graph\":[{\"@type\":\"WebPage\",\"@id\":\"https:\\\/\\\/weareher.com\\\/de\\\/asian-lesbian\\\/\",\"url\":\"https:\\\/\\\/weareher.com\\\/de\\\/asian-lesbian\\\/\",\"name\":\"Gr\u00f6\u00dfte asiatische Lesben Dating App - HER\",\"isPartOf\":{\"@id\":\"https:\\\/\\\/weareher.com\\\/de\\\/#website\"},\"primaryImageOfPage\":{\"@id\":\"https:\\\/\\\/weareher.com\\\/de\\\/asian-lesbian\\\/#primaryimage\"},\"image\":{\"@id\":\"https:\\\/\\\/weareher.com\\\/de\\\/asian-lesbian\\\/#primaryimage\"},\"thumbnailUrl\":\"https:\\\/\\\/weareher.com\\\/wp-content\\\/uploads\\\/2024\\\/08\\\/Lesbian-chat-Avantika-and-Claira-HER-app.png\",\"datePublished\":\"2023-02-06T19:58:00+00:00\",\"dateModified\":\"2024-09-23T12:24:58+00:00\",\"description\":\"Finde die Liebe, die mit deiner Identit\u00e4t \u00fcbereinstimmt, in unserer asiatischen lesbischen Dating-App. Tritt einer lebendigen sapphischen Gemeinschaft bei, in der echte Beziehungen gedeihen!\",\"breadcrumb\":{\"@id\":\"https:\\\/\\\/weareher.com\\\/de\\\/asian-lesbian\\\/#breadcrumb\"},\"inLanguage\":\"de\",\"potentialAction\":[{\"@type\":\"ReadAction\",\"target\":[\"https:\\\/\\\/weareher.com\\\/de\\\/asian-lesbian\\\/\"]}]},{\"@type\":\"ImageObject\",\"inLanguage\":\"de\",\"@id\":\"https:\\\/\\\/weareher.com\\\/de\\\/asian-lesbian\\\/#primaryimage\",\"url\":\"https:\\\/\\\/weareher.com\\\/wp-content\\\/uploads\\\/2024\\\/08\\\/Lesbian-chat-Avantika-and-Claira-HER-app.png\",\"contentUrl\":\"https:\\\/\\\/weareher.com\\\/wp-content\\\/uploads\\\/2024\\\/08\\\/Lesbian-chat-Avantika-and-Claira-HER-app.png\",\"width\":2000,\"height\":1275,\"caption\":\"Tanja and Michelle, a lesbian couple, met each other on the HER app, the largest lesbian chat app\"},{\"@type\":\"BreadcrumbList\",\"@id\":\"https:\\\/\\\/weareher.com\\\/de\\\/asian-lesbian\\\/#breadcrumb\",\"itemListElement\":[{\"@type\":\"ListItem\",\"position\":1,\"name\":\"Home\",\"item\":\"https:\\\/\\\/weareher.com\\\/de\\\/\"},{\"@type\":\"ListItem\",\"position\":2,\"name\":\"Lesben Chat f\u00fcr asiatische Personen\"}]},{\"@type\":\"WebSite\",\"@id\":\"https:\\\/\\\/weareher.com\\\/de\\\/#website\",\"url\":\"https:\\\/\\\/weareher.com\\\/de\\\/\",\"name\":\"HER dating app\",\"description\":\"Lesbian and LGBTQ+ Dating App\",\"publisher\":{\"@id\":\"https:\\\/\\\/weareher.com\\\/de\\\/#organization\"},\"alternateName\":\"HER app\",\"potentialAction\":[{\"@type\":\"SearchAction\",\"target\":{\"@type\":\"EntryPoint\",\"urlTemplate\":\"https:\\\/\\\/weareher.com\\\/de\\\/?s={search_term_string}\"},\"query-input\":{\"@type\":\"PropertyValueSpecification\",\"valueRequired\":true,\"valueName\":\"search_term_string\"}}],\"inLanguage\":\"de\"},{\"@type\":\"Organization\",\"@id\":\"https:\\\/\\\/weareher.com\\\/de\\\/#organization\",\"name\":\"HER Dating App\",\"alternateName\":\"HER app\",\"url\":\"https:\\\/\\\/weareher.com\\\/de\\\/\",\"logo\":{\"@type\":\"ImageObject\",\"inLanguage\":\"de\",\"@id\":\"https:\\\/\\\/weareher.com\\\/de\\\/#\\\/schema\\\/logo\\\/image\\\/\",\"url\":\"https:\\\/\\\/weareher.com\\\/wp-content\\\/uploads\\\/2021\\\/02\\\/Her-Logo-1.png\",\"contentUrl\":\"https:\\\/\\\/weareher.com\\\/wp-content\\\/uploads\\\/2021\\\/02\\\/Her-Logo-1.png\",\"width\":750,\"height\":752,\"caption\":\"HER Dating App\"},\"image\":{\"@id\":\"https:\\\/\\\/weareher.com\\\/de\\\/#\\\/schema\\\/logo\\\/image\\\/\"},\"sameAs\":[\"https:\\\/\\\/www.facebook.com\\\/hersocialapp\",\"https:\\\/\\\/x.com\\\/hersocialapp\",\"https:\\\/\\\/www.instagram.com\\\/hersocialapp\",\"https:\\\/\\\/www.pinterest.com\\\/HerSocialApp\\\/her-app\",\"https:\\\/\\\/www.tiktok.com\\\/@hersocialapp\"],\"description\":\"Leading social and dating app specifically designed for lesbians, bisexuals, trans individuals, non-binary, and queer people. Connect, share, and find your match with HER app.\",\"ownershipFundingInfo\":\"https:\\\/\\\/weareher.com\\\/about\\\/\",\"actionableFeedbackPolicy\":\"https:\\\/\\\/weareher.com\\\/privacy\\\/\"}]}<\/script>\n<!-- \/ Yoast SEO Premium plugin. -->","yoast_head_json":{"title":"Gr\u00f6\u00dfte asiatische Lesben Dating App - HER","description":"Finde die Liebe, die mit deiner Identit\u00e4t \u00fcbereinstimmt, in unserer asiatischen lesbischen Dating-App. Tritt einer lebendigen sapphischen Gemeinschaft bei, in der echte Beziehungen gedeihen!","robots":{"index":"index","follow":"follow","max-snippet":"max-snippet:-1","max-image-preview":"max-image-preview:large","max-video-preview":"max-video-preview:-1"},"canonical":"https:\/\/weareher.com\/de\/asian-lesbian\/","og_locale":"de_DE","og_type":"article","og_title":"Lesben Chat f\u00fcr asiatische Personen","og_description":"Finde die Liebe, die mit deiner Identit\u00e4t \u00fcbereinstimmt, in unserer asiatischen lesbischen Dating-App. Tritt einer lebendigen sapphischen Gemeinschaft bei, in der echte Beziehungen gedeihen!","og_url":"https:\/\/weareher.com\/de\/asian-lesbian\/","og_site_name":"HER","article_publisher":"https:\/\/www.facebook.com\/hersocialapp","article_modified_time":"2024-09-23T12:24:58+00:00","og_image":[{"width":2000,"height":1275,"url":"http:\/\/weareher.com\/wp-content\/uploads\/2024\/08\/Lesbian-chat-Avantika-and-Claira-HER-app.png","type":"image\/png"}],"twitter_card":"summary_large_image","twitter_site":"@hersocialapp","twitter_misc":{"Gesch\u00e4tzte Lesezeit":"1\u00a0Minute"},"schema":{"@context":"https:\/\/schema.org","@graph":[{"@type":"WebPage","@id":"https:\/\/weareher.com\/de\/asian-lesbian\/","url":"https:\/\/weareher.com\/de\/asian-lesbian\/","name":"Gr\u00f6\u00dfte asiatische Lesben Dating App - HER","isPartOf":{"@id":"https:\/\/weareher.com\/de\/#website"},"primaryImageOfPage":{"@id":"https:\/\/weareher.com\/de\/asian-lesbian\/#primaryimage"},"image":{"@id":"https:\/\/weareher.com\/de\/asian-lesbian\/#primaryimage"},"thumbnailUrl":"https:\/\/weareher.com\/wp-content\/uploads\/2024\/08\/Lesbian-chat-Avantika-and-Claira-HER-app.png","datePublished":"2023-02-06T19:58:00+00:00","dateModified":"2024-09-23T12:24:58+00:00","description":"Finde die Liebe, die mit deiner Identit\u00e4t \u00fcbereinstimmt, in unserer asiatischen lesbischen Dating-App. Tritt einer lebendigen sapphischen Gemeinschaft bei, in der echte Beziehungen gedeihen!","breadcrumb":{"@id":"https:\/\/weareher.com\/de\/asian-lesbian\/#breadcrumb"},"inLanguage":"de","potentialAction":[{"@type":"ReadAction","target":["https:\/\/weareher.com\/de\/asian-lesbian\/"]}]},{"@type":"ImageObject","inLanguage":"de","@id":"https:\/\/weareher.com\/de\/asian-lesbian\/#primaryimage","url":"https:\/\/weareher.com\/wp-content\/uploads\/2024\/08\/Lesbian-chat-Avantika-and-Claira-HER-app.png","contentUrl":"https:\/\/weareher.com\/wp-content\/uploads\/2024\/08\/Lesbian-chat-Avantika-and-Claira-HER-app.png","width":2000,"height":1275,"caption":"Tanja and Michelle, a lesbian couple, met each other on the HER app, the largest lesbian chat app"},{"@type":"BreadcrumbList","@id":"https:\/\/weareher.com\/de\/asian-lesbian\/#breadcrumb","itemListElement":[{"@type":"ListItem","position":1,"name":"Home","item":"https:\/\/weareher.com\/de\/"},{"@type":"ListItem","position":2,"name":"Lesben Chat f\u00fcr asiatische Personen"}]},{"@type":"WebSite","@id":"https:\/\/weareher.com\/de\/#website","url":"https:\/\/weareher.com\/de\/","name":"HER dating app","description":"Lesbian and LGBTQ+ Dating App","publisher":{"@id":"https:\/\/weareher.com\/de\/#organization"},"alternateName":"HER app","potentialAction":[{"@type":"SearchAction","target":{"@type":"EntryPoint","urlTemplate":"https:\/\/weareher.com\/de\/?s={search_term_string}"},"query-input":{"@type":"PropertyValueSpecification","valueRequired":true,"valueName":"search_term_string"}}],"inLanguage":"de"},{"@type":"Organization","@id":"https:\/\/weareher.com\/de\/#organization","name":"HER Dating App","alternateName":"HER app","url":"https:\/\/weareher.com\/de\/","logo":{"@type":"ImageObject","inLanguage":"de","@id":"https:\/\/weareher.com\/de\/#\/schema\/logo\/image\/","url":"https:\/\/weareher.com\/wp-content\/uploads\/2021\/02\/Her-Logo-1.png","contentUrl":"https:\/\/weareher.com\/wp-content\/uploads\/2021\/02\/Her-Logo-1.png","width":750,"height":752,"caption":"HER Dating App"},"image":{"@id":"https:\/\/weareher.com\/de\/#\/schema\/logo\/image\/"},"sameAs":["https:\/\/www.facebook.com\/hersocialapp","https:\/\/x.com\/hersocialapp","https:\/\/www.instagram.com\/hersocialapp","https:\/\/www.pinterest.com\/HerSocialApp\/her-app","https:\/\/www.tiktok.com\/@hersocialapp"],"description":"Leading social and dating app specifically designed for lesbians, bisexuals, trans individuals, non-binary, and queer people. Connect, share, and find your match with HER app.","ownershipFundingInfo":"https:\/\/weareher.com\/about\/","actionableFeedbackPolicy":"https:\/\/weareher.com\/privacy\/"}]}},"_links":{"self":[{"href":"https:\/\/weareher.com\/de\/wp-json\/wp\/v2\/pages\/50628","targetHints":{"allow":["GET"]}}],"collection":[{"href":"https:\/\/weareher.com\/de\/wp-json\/wp\/v2\/pages"}],"about":[{"href":"https:\/\/weareher.com\/de\/wp-json\/wp\/v2\/types\/page"}],"author":[{"embeddable":true,"href":"https:\/\/weareher.com\/de\/wp-json\/wp\/v2\/users\/1"}],"replies":[{"embeddable":true,"href":"https:\/\/weareher.com\/de\/wp-json\/wp\/v2\/comments?post=50628"}],"version-history":[{"count":20,"href":"https:\/\/weareher.com\/de\/wp-json\/wp\/v2\/pages\/50628\/revisions"}],"predecessor-version":[{"id":80083,"href":"https:\/\/weareher.com\/de\/wp-json\/wp\/v2\/pages\/50628\/revisions\/80083"}],"wp:featuredmedia":[{"embeddable":true,"href":"https:\/\/weareher.com\/de\/wp-json\/wp\/v2\/media\/79277"}],"wp:attachment":[{"href":"https:\/\/weareher.com\/de\/wp-json\/wp\/v2\/media?parent=50628"}],"wp:term":[{"taxonomy":"author","embeddable":true,"href":"https:\/\/weareher.com\/de\/wp-json\/wp\/v2\/ppma_author?post=50628"}],"curies":[{"name":"wp","href":"https:\/\/api.w.org\/{rel}","templated":true}]}}