{"id":70040,"date":"2024-05-30T12:05:00","date_gmt":"2024-05-30T12:05:00","guid":{"rendered":"https:\/\/weareher.com\/asexual-dating\/"},"modified":"2024-06-20T23:43:43","modified_gmt":"2024-06-20T23:43:43","slug":"asexuelles-dating","status":"publish","type":"page","link":"https:\/\/weareher.com\/de\/asexuelles-dating\/","title":{"rendered":"Asexuelles Dating"},"content":{"rendered":"","protected":false},"excerpt":{"rendered":"","protected":false},"author":1,"featured_media":38859,"parent":0,"menu_order":0,"comment_status":"closed","ping_status":"closed","template":"","meta":{"inline_featured_image":false,"footnotes":""},"ppma_author":[1350],"class_list":["post-70040","page","type-page","status-publish","has-post-thumbnail","hentry"],"yoast_head":"<!-- This site is optimized with the Yoast SEO Premium plugin v26.0 (Yoast SEO v27.4) - https:\/\/yoast.com\/product\/yoast-seo-premium-wordpress\/ -->\n<title>Die gr\u00f6\u00dfte asexuelle Dating App - HER<\/title>\n<meta name=\"description\" content=\"HER ist die beste kostenlose asexuelle Dating-App f\u00fcr Ace Personen, um andere gleichgesinnte Menschen zu treffen, zu flirten und zu chatten. Erfahre mehr \u00fcber unsere Ace Community App.\" \/>\n<meta name=\"robots\" content=\"index, follow, max-snippet:-1, max-image-preview:large, max-video-preview:-1\" \/>\n<link rel=\"canonical\" href=\"https:\/\/weareher.com\/de\/asexuelles-dating\/\" \/>\n<meta property=\"og:locale\" content=\"de_DE\" \/>\n<meta property=\"og:type\" content=\"article\" \/>\n<meta property=\"og:title\" content=\"Asexuelles Dating\" \/>\n<meta property=\"og:description\" content=\"HER ist die beste kostenlose asexuelle Dating-App f\u00fcr Ace Personen, um andere gleichgesinnte Menschen zu treffen, zu flirten und zu chatten. Erfahre mehr \u00fcber unsere Ace Community App.\" \/>\n<meta property=\"og:url\" content=\"https:\/\/weareher.com\/de\/asexuelles-dating\/\" \/>\n<meta property=\"og:site_name\" content=\"HER\" \/>\n<meta property=\"article:publisher\" content=\"https:\/\/www.facebook.com\/hersocialapp\" \/>\n<meta property=\"article:modified_time\" content=\"2024-06-20T23:43:43+00:00\" \/>\n<meta property=\"og:image\" content=\"http:\/\/weareher.com\/wp-content\/uploads\/2019\/11\/Hands-with-blue-background.jpg\" \/>\n\t<meta property=\"og:image:width\" content=\"473\" \/>\n\t<meta property=\"og:image:height\" content=\"173\" \/>\n\t<meta property=\"og:image:type\" content=\"image\/jpeg\" \/>\n<meta name=\"twitter:card\" content=\"summary_large_image\" \/>\n<meta name=\"twitter:site\" content=\"@hersocialapp\" \/>\n<meta name=\"twitter:label1\" content=\"Gesch\u00e4tzte Lesezeit\" \/>\n\t<meta name=\"twitter:data1\" content=\"1\u00a0Minute\" \/>\n<script type=\"application\/ld+json\" class=\"yoast-schema-graph\">{\"@context\":\"https:\\\/\\\/schema.org\",\"@graph\":[{\"@type\":\"WebPage\",\"@id\":\"https:\\\/\\\/weareher.com\\\/de\\\/asexuelles-dating\\\/\",\"url\":\"https:\\\/\\\/weareher.com\\\/de\\\/asexuelles-dating\\\/\",\"name\":\"Die gr\u00f6\u00dfte asexuelle Dating App - HER\",\"isPartOf\":{\"@id\":\"https:\\\/\\\/weareher.com\\\/de\\\/#website\"},\"primaryImageOfPage\":{\"@id\":\"https:\\\/\\\/weareher.com\\\/de\\\/asexuelles-dating\\\/#primaryimage\"},\"image\":{\"@id\":\"https:\\\/\\\/weareher.com\\\/de\\\/asexuelles-dating\\\/#primaryimage\"},\"thumbnailUrl\":\"https:\\\/\\\/weareher.com\\\/wp-content\\\/uploads\\\/2019\\\/11\\\/Hands-with-blue-background.jpg\",\"datePublished\":\"2024-05-30T12:05:00+00:00\",\"dateModified\":\"2024-06-20T23:43:43+00:00\",\"description\":\"HER ist die beste kostenlose asexuelle Dating-App f\u00fcr Ace Personen, um andere gleichgesinnte Menschen zu treffen, zu flirten und zu chatten. Erfahre mehr \u00fcber unsere Ace Community App.\",\"breadcrumb\":{\"@id\":\"https:\\\/\\\/weareher.com\\\/de\\\/asexuelles-dating\\\/#breadcrumb\"},\"inLanguage\":\"de\",\"potentialAction\":[{\"@type\":\"ReadAction\",\"target\":[\"https:\\\/\\\/weareher.com\\\/de\\\/asexuelles-dating\\\/\"]}]},{\"@type\":\"ImageObject\",\"inLanguage\":\"de\",\"@id\":\"https:\\\/\\\/weareher.com\\\/de\\\/asexuelles-dating\\\/#primaryimage\",\"url\":\"https:\\\/\\\/weareher.com\\\/wp-content\\\/uploads\\\/2019\\\/11\\\/Hands-with-blue-background.jpg\",\"contentUrl\":\"https:\\\/\\\/weareher.com\\\/wp-content\\\/uploads\\\/2019\\\/11\\\/Hands-with-blue-background.jpg\",\"width\":473,\"height\":173},{\"@type\":\"BreadcrumbList\",\"@id\":\"https:\\\/\\\/weareher.com\\\/de\\\/asexuelles-dating\\\/#breadcrumb\",\"itemListElement\":[{\"@type\":\"ListItem\",\"position\":1,\"name\":\"Home\",\"item\":\"https:\\\/\\\/weareher.com\\\/de\\\/\"},{\"@type\":\"ListItem\",\"position\":2,\"name\":\"Asexuelles Dating\"}]},{\"@type\":\"WebSite\",\"@id\":\"https:\\\/\\\/weareher.com\\\/de\\\/#website\",\"url\":\"https:\\\/\\\/weareher.com\\\/de\\\/\",\"name\":\"HER dating app\",\"description\":\"Lesbian and LGBTQ+ Dating App\",\"publisher\":{\"@id\":\"https:\\\/\\\/weareher.com\\\/de\\\/#organization\"},\"alternateName\":\"HER app\",\"potentialAction\":[{\"@type\":\"SearchAction\",\"target\":{\"@type\":\"EntryPoint\",\"urlTemplate\":\"https:\\\/\\\/weareher.com\\\/de\\\/?s={search_term_string}\"},\"query-input\":{\"@type\":\"PropertyValueSpecification\",\"valueRequired\":true,\"valueName\":\"search_term_string\"}}],\"inLanguage\":\"de\"},{\"@type\":\"Organization\",\"@id\":\"https:\\\/\\\/weareher.com\\\/de\\\/#organization\",\"name\":\"HER Dating App\",\"alternateName\":\"HER app\",\"url\":\"https:\\\/\\\/weareher.com\\\/de\\\/\",\"logo\":{\"@type\":\"ImageObject\",\"inLanguage\":\"de\",\"@id\":\"https:\\\/\\\/weareher.com\\\/de\\\/#\\\/schema\\\/logo\\\/image\\\/\",\"url\":\"https:\\\/\\\/weareher.com\\\/wp-content\\\/uploads\\\/2021\\\/02\\\/Her-Logo-1.png\",\"contentUrl\":\"https:\\\/\\\/weareher.com\\\/wp-content\\\/uploads\\\/2021\\\/02\\\/Her-Logo-1.png\",\"width\":750,\"height\":752,\"caption\":\"HER Dating App\"},\"image\":{\"@id\":\"https:\\\/\\\/weareher.com\\\/de\\\/#\\\/schema\\\/logo\\\/image\\\/\"},\"sameAs\":[\"https:\\\/\\\/www.facebook.com\\\/hersocialapp\",\"https:\\\/\\\/x.com\\\/hersocialapp\",\"https:\\\/\\\/www.instagram.com\\\/hersocialapp\",\"https:\\\/\\\/www.pinterest.com\\\/HerSocialApp\\\/her-app\",\"https:\\\/\\\/www.tiktok.com\\\/@hersocialapp\"],\"description\":\"Leading social and dating app specifically designed for lesbians, bisexuals, trans individuals, non-binary, and queer people. Connect, share, and find your match with HER app.\",\"ownershipFundingInfo\":\"https:\\\/\\\/weareher.com\\\/about\\\/\",\"actionableFeedbackPolicy\":\"https:\\\/\\\/weareher.com\\\/privacy\\\/\"}]}<\/script>\n<!-- \/ Yoast SEO Premium plugin. -->","yoast_head_json":{"title":"Die gr\u00f6\u00dfte asexuelle Dating App - HER","description":"HER ist die beste kostenlose asexuelle Dating-App f\u00fcr Ace Personen, um andere gleichgesinnte Menschen zu treffen, zu flirten und zu chatten. Erfahre mehr \u00fcber unsere Ace Community App.","robots":{"index":"index","follow":"follow","max-snippet":"max-snippet:-1","max-image-preview":"max-image-preview:large","max-video-preview":"max-video-preview:-1"},"canonical":"https:\/\/weareher.com\/de\/asexuelles-dating\/","og_locale":"de_DE","og_type":"article","og_title":"Asexuelles Dating","og_description":"HER ist die beste kostenlose asexuelle Dating-App f\u00fcr Ace Personen, um andere gleichgesinnte Menschen zu treffen, zu flirten und zu chatten. Erfahre mehr \u00fcber unsere Ace Community App.","og_url":"https:\/\/weareher.com\/de\/asexuelles-dating\/","og_site_name":"HER","article_publisher":"https:\/\/www.facebook.com\/hersocialapp","article_modified_time":"2024-06-20T23:43:43+00:00","og_image":[{"width":473,"height":173,"url":"http:\/\/weareher.com\/wp-content\/uploads\/2019\/11\/Hands-with-blue-background.jpg","type":"image\/jpeg"}],"twitter_card":"summary_large_image","twitter_site":"@hersocialapp","twitter_misc":{"Gesch\u00e4tzte Lesezeit":"1\u00a0Minute"},"schema":{"@context":"https:\/\/schema.org","@graph":[{"@type":"WebPage","@id":"https:\/\/weareher.com\/de\/asexuelles-dating\/","url":"https:\/\/weareher.com\/de\/asexuelles-dating\/","name":"Die gr\u00f6\u00dfte asexuelle Dating App - HER","isPartOf":{"@id":"https:\/\/weareher.com\/de\/#website"},"primaryImageOfPage":{"@id":"https:\/\/weareher.com\/de\/asexuelles-dating\/#primaryimage"},"image":{"@id":"https:\/\/weareher.com\/de\/asexuelles-dating\/#primaryimage"},"thumbnailUrl":"https:\/\/weareher.com\/wp-content\/uploads\/2019\/11\/Hands-with-blue-background.jpg","datePublished":"2024-05-30T12:05:00+00:00","dateModified":"2024-06-20T23:43:43+00:00","description":"HER ist die beste kostenlose asexuelle Dating-App f\u00fcr Ace Personen, um andere gleichgesinnte Menschen zu treffen, zu flirten und zu chatten. Erfahre mehr \u00fcber unsere Ace Community App.","breadcrumb":{"@id":"https:\/\/weareher.com\/de\/asexuelles-dating\/#breadcrumb"},"inLanguage":"de","potentialAction":[{"@type":"ReadAction","target":["https:\/\/weareher.com\/de\/asexuelles-dating\/"]}]},{"@type":"ImageObject","inLanguage":"de","@id":"https:\/\/weareher.com\/de\/asexuelles-dating\/#primaryimage","url":"https:\/\/weareher.com\/wp-content\/uploads\/2019\/11\/Hands-with-blue-background.jpg","contentUrl":"https:\/\/weareher.com\/wp-content\/uploads\/2019\/11\/Hands-with-blue-background.jpg","width":473,"height":173},{"@type":"BreadcrumbList","@id":"https:\/\/weareher.com\/de\/asexuelles-dating\/#breadcrumb","itemListElement":[{"@type":"ListItem","position":1,"name":"Home","item":"https:\/\/weareher.com\/de\/"},{"@type":"ListItem","position":2,"name":"Asexuelles Dating"}]},{"@type":"WebSite","@id":"https:\/\/weareher.com\/de\/#website","url":"https:\/\/weareher.com\/de\/","name":"HER dating app","description":"Lesbian and LGBTQ+ Dating App","publisher":{"@id":"https:\/\/weareher.com\/de\/#organization"},"alternateName":"HER app","potentialAction":[{"@type":"SearchAction","target":{"@type":"EntryPoint","urlTemplate":"https:\/\/weareher.com\/de\/?s={search_term_string}"},"query-input":{"@type":"PropertyValueSpecification","valueRequired":true,"valueName":"search_term_string"}}],"inLanguage":"de"},{"@type":"Organization","@id":"https:\/\/weareher.com\/de\/#organization","name":"HER Dating App","alternateName":"HER app","url":"https:\/\/weareher.com\/de\/","logo":{"@type":"ImageObject","inLanguage":"de","@id":"https:\/\/weareher.com\/de\/#\/schema\/logo\/image\/","url":"https:\/\/weareher.com\/wp-content\/uploads\/2021\/02\/Her-Logo-1.png","contentUrl":"https:\/\/weareher.com\/wp-content\/uploads\/2021\/02\/Her-Logo-1.png","width":750,"height":752,"caption":"HER Dating App"},"image":{"@id":"https:\/\/weareher.com\/de\/#\/schema\/logo\/image\/"},"sameAs":["https:\/\/www.facebook.com\/hersocialapp","https:\/\/x.com\/hersocialapp","https:\/\/www.instagram.com\/hersocialapp","https:\/\/www.pinterest.com\/HerSocialApp\/her-app","https:\/\/www.tiktok.com\/@hersocialapp"],"description":"Leading social and dating app specifically designed for lesbians, bisexuals, trans individuals, non-binary, and queer people. Connect, share, and find your match with HER app.","ownershipFundingInfo":"https:\/\/weareher.com\/about\/","actionableFeedbackPolicy":"https:\/\/weareher.com\/privacy\/"}]}},"_links":{"self":[{"href":"https:\/\/weareher.com\/de\/wp-json\/wp\/v2\/pages\/70040","targetHints":{"allow":["GET"]}}],"collection":[{"href":"https:\/\/weareher.com\/de\/wp-json\/wp\/v2\/pages"}],"about":[{"href":"https:\/\/weareher.com\/de\/wp-json\/wp\/v2\/types\/page"}],"author":[{"embeddable":true,"href":"https:\/\/weareher.com\/de\/wp-json\/wp\/v2\/users\/1"}],"replies":[{"embeddable":true,"href":"https:\/\/weareher.com\/de\/wp-json\/wp\/v2\/comments?post=70040"}],"version-history":[{"count":11,"href":"https:\/\/weareher.com\/de\/wp-json\/wp\/v2\/pages\/70040\/revisions"}],"predecessor-version":[{"id":78718,"href":"https:\/\/weareher.com\/de\/wp-json\/wp\/v2\/pages\/70040\/revisions\/78718"}],"wp:featuredmedia":[{"embeddable":true,"href":"https:\/\/weareher.com\/de\/wp-json\/wp\/v2\/media\/38859"}],"wp:attachment":[{"href":"https:\/\/weareher.com\/de\/wp-json\/wp\/v2\/media?parent=70040"}],"wp:term":[{"taxonomy":"author","embeddable":true,"href":"https:\/\/weareher.com\/de\/wp-json\/wp\/v2\/ppma_author?post=70040"}],"curies":[{"name":"wp","href":"https:\/\/api.w.org\/{rel}","templated":true}]}}