{"id":80074,"date":"2023-02-06T19:58:00","date_gmt":"2023-02-06T19:58:00","guid":{"rendered":"https:\/\/weareher.com\/asian-lesbian\/"},"modified":"2024-09-23T12:35:15","modified_gmt":"2024-09-23T12:35:15","slug":"lesbiana-asiatica","status":"publish","type":"page","link":"https:\/\/weareher.com\/es\/lesbiana-asiatica\/","title":{"rendered":"Citas l\u00e9sbicas asi\u00e1ticas"},"content":{"rendered":"","protected":false},"excerpt":{"rendered":"","protected":false},"author":1,"featured_media":79281,"parent":0,"menu_order":0,"comment_status":"closed","ping_status":"closed","template":"","meta":{"inline_featured_image":false,"footnotes":""},"ppma_author":[1350],"class_list":["post-80074","page","type-page","status-publish","has-post-thumbnail","hentry"],"yoast_head":"<!-- This site is optimized with the Yoast SEO Premium plugin v26.0 (Yoast SEO v27.3) - https:\/\/yoast.com\/product\/yoast-seo-premium-wordpress\/ -->\n<title>La app de citas m\u00e1s grande para lesbianas asi\u00e1ticas - HER<\/title>\n<meta name=\"description\" content=\"Encuentra un amor que conecte con tu identidad en nuestra app de citas para lesbianas asi\u00e1ticas. \u00a1\u00danete a una vibrante comunidad s\u00e1fica donde florecen las relaciones aut\u00e9nticas!\" \/>\n<meta name=\"robots\" content=\"index, follow, max-snippet:-1, max-image-preview:large, max-video-preview:-1\" \/>\n<link rel=\"canonical\" href=\"https:\/\/weareher.com\/es\/lesbiana-asiatica\/\" \/>\n<meta property=\"og:locale\" content=\"es_ES\" \/>\n<meta property=\"og:type\" content=\"article\" \/>\n<meta property=\"og:title\" content=\"Citas l\u00e9sbicas asi\u00e1ticas\" \/>\n<meta property=\"og:description\" content=\"Encuentra un amor que conecte con tu identidad en nuestra app de citas para lesbianas asi\u00e1ticas. \u00a1\u00danete a una vibrante comunidad s\u00e1fica donde florecen las relaciones aut\u00e9nticas!\" \/>\n<meta property=\"og:url\" content=\"https:\/\/weareher.com\/es\/lesbiana-asiatica\/\" \/>\n<meta property=\"og:site_name\" content=\"HER\" \/>\n<meta property=\"article:publisher\" content=\"https:\/\/www.facebook.com\/hersocialapp\" \/>\n<meta property=\"article:modified_time\" content=\"2024-09-23T12:35:15+00:00\" \/>\n<meta property=\"og:image\" content=\"http:\/\/weareher.com\/wp-content\/uploads\/2024\/08\/Lesbian-chat-Avantika-and-Claira-HER-app.png\" \/>\n\t<meta property=\"og:image:width\" content=\"2000\" \/>\n\t<meta property=\"og:image:height\" content=\"1275\" \/>\n\t<meta property=\"og:image:type\" content=\"image\/png\" \/>\n<meta name=\"twitter:card\" content=\"summary_large_image\" \/>\n<meta name=\"twitter:site\" content=\"@hersocialapp\" \/>\n<meta name=\"twitter:label1\" content=\"Tiempo de lectura\" \/>\n\t<meta name=\"twitter:data1\" content=\"1 minuto\" \/>\n<script type=\"application\/ld+json\" class=\"yoast-schema-graph\">{\"@context\":\"https:\\\/\\\/schema.org\",\"@graph\":[{\"@type\":\"WebPage\",\"@id\":\"https:\\\/\\\/weareher.com\\\/es\\\/lesbiana-asiatica\\\/\",\"url\":\"https:\\\/\\\/weareher.com\\\/es\\\/lesbiana-asiatica\\\/\",\"name\":\"La app de citas m\u00e1s grande para lesbianas asi\u00e1ticas - HER\",\"isPartOf\":{\"@id\":\"https:\\\/\\\/weareher.com\\\/es\\\/#website\"},\"primaryImageOfPage\":{\"@id\":\"https:\\\/\\\/weareher.com\\\/es\\\/lesbiana-asiatica\\\/#primaryimage\"},\"image\":{\"@id\":\"https:\\\/\\\/weareher.com\\\/es\\\/lesbiana-asiatica\\\/#primaryimage\"},\"thumbnailUrl\":\"https:\\\/\\\/weareher.com\\\/wp-content\\\/uploads\\\/2024\\\/08\\\/Lesbian-chat-Avantika-and-Claira-HER-app.png\",\"datePublished\":\"2023-02-06T19:58:00+00:00\",\"dateModified\":\"2024-09-23T12:35:15+00:00\",\"description\":\"Encuentra un amor que conecte con tu identidad en nuestra app de citas para lesbianas asi\u00e1ticas. \u00a1\u00danete a una vibrante comunidad s\u00e1fica donde florecen las relaciones aut\u00e9nticas!\",\"breadcrumb\":{\"@id\":\"https:\\\/\\\/weareher.com\\\/es\\\/lesbiana-asiatica\\\/#breadcrumb\"},\"inLanguage\":\"es\",\"potentialAction\":[{\"@type\":\"ReadAction\",\"target\":[\"https:\\\/\\\/weareher.com\\\/es\\\/lesbiana-asiatica\\\/\"]}]},{\"@type\":\"ImageObject\",\"inLanguage\":\"es\",\"@id\":\"https:\\\/\\\/weareher.com\\\/es\\\/lesbiana-asiatica\\\/#primaryimage\",\"url\":\"https:\\\/\\\/weareher.com\\\/wp-content\\\/uploads\\\/2024\\\/08\\\/Lesbian-chat-Avantika-and-Claira-HER-app.png\",\"contentUrl\":\"https:\\\/\\\/weareher.com\\\/wp-content\\\/uploads\\\/2024\\\/08\\\/Lesbian-chat-Avantika-and-Claira-HER-app.png\",\"width\":2000,\"height\":1275,\"caption\":\"Tanja and Michelle, a lesbian couple, met each other on the HER app, the largest lesbian chat app\"},{\"@type\":\"BreadcrumbList\",\"@id\":\"https:\\\/\\\/weareher.com\\\/es\\\/lesbiana-asiatica\\\/#breadcrumb\",\"itemListElement\":[{\"@type\":\"ListItem\",\"position\":1,\"name\":\"Home\",\"item\":\"https:\\\/\\\/weareher.com\\\/es\\\/\"},{\"@type\":\"ListItem\",\"position\":2,\"name\":\"Citas l\u00e9sbicas asi\u00e1ticas\"}]},{\"@type\":\"WebSite\",\"@id\":\"https:\\\/\\\/weareher.com\\\/es\\\/#website\",\"url\":\"https:\\\/\\\/weareher.com\\\/es\\\/\",\"name\":\"HER dating app\",\"description\":\"Lesbian and LGBTQ+ Dating App\",\"publisher\":{\"@id\":\"https:\\\/\\\/weareher.com\\\/es\\\/#organization\"},\"alternateName\":\"HER app\",\"potentialAction\":[{\"@type\":\"SearchAction\",\"target\":{\"@type\":\"EntryPoint\",\"urlTemplate\":\"https:\\\/\\\/weareher.com\\\/es\\\/?s={search_term_string}\"},\"query-input\":{\"@type\":\"PropertyValueSpecification\",\"valueRequired\":true,\"valueName\":\"search_term_string\"}}],\"inLanguage\":\"es\"},{\"@type\":\"Organization\",\"@id\":\"https:\\\/\\\/weareher.com\\\/es\\\/#organization\",\"name\":\"HER Dating App\",\"alternateName\":\"HER app\",\"url\":\"https:\\\/\\\/weareher.com\\\/es\\\/\",\"logo\":{\"@type\":\"ImageObject\",\"inLanguage\":\"es\",\"@id\":\"https:\\\/\\\/weareher.com\\\/es\\\/#\\\/schema\\\/logo\\\/image\\\/\",\"url\":\"https:\\\/\\\/weareher.com\\\/wp-content\\\/uploads\\\/2021\\\/02\\\/Her-Logo-1.png\",\"contentUrl\":\"https:\\\/\\\/weareher.com\\\/wp-content\\\/uploads\\\/2021\\\/02\\\/Her-Logo-1.png\",\"width\":750,\"height\":752,\"caption\":\"HER Dating App\"},\"image\":{\"@id\":\"https:\\\/\\\/weareher.com\\\/es\\\/#\\\/schema\\\/logo\\\/image\\\/\"},\"sameAs\":[\"https:\\\/\\\/www.facebook.com\\\/hersocialapp\",\"https:\\\/\\\/x.com\\\/hersocialapp\",\"https:\\\/\\\/www.instagram.com\\\/hersocialapp\",\"https:\\\/\\\/www.pinterest.com\\\/HerSocialApp\\\/her-app\",\"https:\\\/\\\/www.tiktok.com\\\/@hersocialapp\"],\"description\":\"Leading social and dating app specifically designed for lesbians, bisexuals, trans individuals, non-binary, and queer people. Connect, share, and find your match with HER app.\",\"ownershipFundingInfo\":\"https:\\\/\\\/weareher.com\\\/about\\\/\",\"actionableFeedbackPolicy\":\"https:\\\/\\\/weareher.com\\\/privacy\\\/\"}]}<\/script>\n<!-- \/ Yoast SEO Premium plugin. -->","yoast_head_json":{"title":"La app de citas m\u00e1s grande para lesbianas asi\u00e1ticas - HER","description":"Encuentra un amor que conecte con tu identidad en nuestra app de citas para lesbianas asi\u00e1ticas. \u00a1\u00danete a una vibrante comunidad s\u00e1fica donde florecen las relaciones aut\u00e9nticas!","robots":{"index":"index","follow":"follow","max-snippet":"max-snippet:-1","max-image-preview":"max-image-preview:large","max-video-preview":"max-video-preview:-1"},"canonical":"https:\/\/weareher.com\/es\/lesbiana-asiatica\/","og_locale":"es_ES","og_type":"article","og_title":"Citas l\u00e9sbicas asi\u00e1ticas","og_description":"Encuentra un amor que conecte con tu identidad en nuestra app de citas para lesbianas asi\u00e1ticas. \u00a1\u00danete a una vibrante comunidad s\u00e1fica donde florecen las relaciones aut\u00e9nticas!","og_url":"https:\/\/weareher.com\/es\/lesbiana-asiatica\/","og_site_name":"HER","article_publisher":"https:\/\/www.facebook.com\/hersocialapp","article_modified_time":"2024-09-23T12:35:15+00:00","og_image":[{"width":2000,"height":1275,"url":"http:\/\/weareher.com\/wp-content\/uploads\/2024\/08\/Lesbian-chat-Avantika-and-Claira-HER-app.png","type":"image\/png"}],"twitter_card":"summary_large_image","twitter_site":"@hersocialapp","twitter_misc":{"Tiempo de lectura":"1 minuto"},"schema":{"@context":"https:\/\/schema.org","@graph":[{"@type":"WebPage","@id":"https:\/\/weareher.com\/es\/lesbiana-asiatica\/","url":"https:\/\/weareher.com\/es\/lesbiana-asiatica\/","name":"La app de citas m\u00e1s grande para lesbianas asi\u00e1ticas - HER","isPartOf":{"@id":"https:\/\/weareher.com\/es\/#website"},"primaryImageOfPage":{"@id":"https:\/\/weareher.com\/es\/lesbiana-asiatica\/#primaryimage"},"image":{"@id":"https:\/\/weareher.com\/es\/lesbiana-asiatica\/#primaryimage"},"thumbnailUrl":"https:\/\/weareher.com\/wp-content\/uploads\/2024\/08\/Lesbian-chat-Avantika-and-Claira-HER-app.png","datePublished":"2023-02-06T19:58:00+00:00","dateModified":"2024-09-23T12:35:15+00:00","description":"Encuentra un amor que conecte con tu identidad en nuestra app de citas para lesbianas asi\u00e1ticas. \u00a1\u00danete a una vibrante comunidad s\u00e1fica donde florecen las relaciones aut\u00e9nticas!","breadcrumb":{"@id":"https:\/\/weareher.com\/es\/lesbiana-asiatica\/#breadcrumb"},"inLanguage":"es","potentialAction":[{"@type":"ReadAction","target":["https:\/\/weareher.com\/es\/lesbiana-asiatica\/"]}]},{"@type":"ImageObject","inLanguage":"es","@id":"https:\/\/weareher.com\/es\/lesbiana-asiatica\/#primaryimage","url":"https:\/\/weareher.com\/wp-content\/uploads\/2024\/08\/Lesbian-chat-Avantika-and-Claira-HER-app.png","contentUrl":"https:\/\/weareher.com\/wp-content\/uploads\/2024\/08\/Lesbian-chat-Avantika-and-Claira-HER-app.png","width":2000,"height":1275,"caption":"Tanja and Michelle, a lesbian couple, met each other on the HER app, the largest lesbian chat app"},{"@type":"BreadcrumbList","@id":"https:\/\/weareher.com\/es\/lesbiana-asiatica\/#breadcrumb","itemListElement":[{"@type":"ListItem","position":1,"name":"Home","item":"https:\/\/weareher.com\/es\/"},{"@type":"ListItem","position":2,"name":"Citas l\u00e9sbicas asi\u00e1ticas"}]},{"@type":"WebSite","@id":"https:\/\/weareher.com\/es\/#website","url":"https:\/\/weareher.com\/es\/","name":"HER dating app","description":"Lesbian and LGBTQ+ Dating App","publisher":{"@id":"https:\/\/weareher.com\/es\/#organization"},"alternateName":"HER app","potentialAction":[{"@type":"SearchAction","target":{"@type":"EntryPoint","urlTemplate":"https:\/\/weareher.com\/es\/?s={search_term_string}"},"query-input":{"@type":"PropertyValueSpecification","valueRequired":true,"valueName":"search_term_string"}}],"inLanguage":"es"},{"@type":"Organization","@id":"https:\/\/weareher.com\/es\/#organization","name":"HER Dating App","alternateName":"HER app","url":"https:\/\/weareher.com\/es\/","logo":{"@type":"ImageObject","inLanguage":"es","@id":"https:\/\/weareher.com\/es\/#\/schema\/logo\/image\/","url":"https:\/\/weareher.com\/wp-content\/uploads\/2021\/02\/Her-Logo-1.png","contentUrl":"https:\/\/weareher.com\/wp-content\/uploads\/2021\/02\/Her-Logo-1.png","width":750,"height":752,"caption":"HER Dating App"},"image":{"@id":"https:\/\/weareher.com\/es\/#\/schema\/logo\/image\/"},"sameAs":["https:\/\/www.facebook.com\/hersocialapp","https:\/\/x.com\/hersocialapp","https:\/\/www.instagram.com\/hersocialapp","https:\/\/www.pinterest.com\/HerSocialApp\/her-app","https:\/\/www.tiktok.com\/@hersocialapp"],"description":"Leading social and dating app specifically designed for lesbians, bisexuals, trans individuals, non-binary, and queer people. Connect, share, and find your match with HER app.","ownershipFundingInfo":"https:\/\/weareher.com\/about\/","actionableFeedbackPolicy":"https:\/\/weareher.com\/privacy\/"}]}},"_links":{"self":[{"href":"https:\/\/weareher.com\/es\/wp-json\/wp\/v2\/pages\/80074","targetHints":{"allow":["GET"]}}],"collection":[{"href":"https:\/\/weareher.com\/es\/wp-json\/wp\/v2\/pages"}],"about":[{"href":"https:\/\/weareher.com\/es\/wp-json\/wp\/v2\/types\/page"}],"author":[{"embeddable":true,"href":"https:\/\/weareher.com\/es\/wp-json\/wp\/v2\/users\/1"}],"replies":[{"embeddable":true,"href":"https:\/\/weareher.com\/es\/wp-json\/wp\/v2\/comments?post=80074"}],"version-history":[{"count":2,"href":"https:\/\/weareher.com\/es\/wp-json\/wp\/v2\/pages\/80074\/revisions"}],"predecessor-version":[{"id":80086,"href":"https:\/\/weareher.com\/es\/wp-json\/wp\/v2\/pages\/80074\/revisions\/80086"}],"wp:featuredmedia":[{"embeddable":true,"href":"https:\/\/weareher.com\/es\/wp-json\/wp\/v2\/media\/79281"}],"wp:attachment":[{"href":"https:\/\/weareher.com\/es\/wp-json\/wp\/v2\/media?parent=80074"}],"wp:term":[{"taxonomy":"author","embeddable":true,"href":"https:\/\/weareher.com\/es\/wp-json\/wp\/v2\/ppma_author?post=80074"}],"curies":[{"name":"wp","href":"https:\/\/api.w.org\/{rel}","templated":true}]}}