{"id":71203,"date":"2024-08-11T22:40:00","date_gmt":"2024-08-11T22:40:00","guid":{"rendered":"https:\/\/weareher.com\/?page_id=71203"},"modified":"2024-08-22T15:23:22","modified_gmt":"2024-08-22T15:23:22","slug":"lesbiennes-matures","status":"publish","type":"page","link":"https:\/\/weareher.com\/fr\/lesbiennes-matures\/","title":{"rendered":"Reifes lesbisches Dating"},"content":{"rendered":"","protected":false},"excerpt":{"rendered":"","protected":false},"author":44,"featured_media":0,"parent":0,"menu_order":0,"comment_status":"closed","ping_status":"closed","template":"","meta":{"inline_featured_image":false,"footnotes":""},"ppma_author":[1351],"class_list":["post-71203","page","type-page","status-publish","hentry"],"yoast_head":"<!-- This site is optimized with the Yoast SEO Premium plugin v26.0 (Yoast SEO v27.3) - https:\/\/yoast.com\/product\/yoast-seo-premium-wordpress\/ -->\n<title>Die gr\u00f6\u00dfte Dating-App f\u00fcr reife Lesben - HER<\/title>\n<meta name=\"description\" content=\"Finde deine*n perfekte*n Partner*in in einer Community von reifen Lesben auf HER. Erlebe Dating, wo Liebe und Freundschaft in jedem Alter erbl\u00fchen.\" \/>\n<meta name=\"robots\" content=\"index, follow, max-snippet:-1, max-image-preview:large, max-video-preview:-1\" \/>\n<link rel=\"canonical\" href=\"https:\/\/weareher.com\/fr\/lesbiennes-matures\/\" \/>\n<meta property=\"og:locale\" content=\"fr_FR\" \/>\n<meta property=\"og:type\" content=\"article\" \/>\n<meta property=\"og:title\" content=\"Reifes lesbisches Dating\" \/>\n<meta property=\"og:description\" content=\"Finde deine*n perfekte*n Partner*in in einer Community von reifen Lesben auf HER. Erlebe Dating, wo Liebe und Freundschaft in jedem Alter erbl\u00fchen.\" \/>\n<meta property=\"og:url\" content=\"https:\/\/weareher.com\/fr\/lesbiennes-matures\/\" \/>\n<meta property=\"og:site_name\" content=\"HER\" \/>\n<meta property=\"article:publisher\" content=\"https:\/\/www.facebook.com\/hersocialapp\" \/>\n<meta property=\"article:modified_time\" content=\"2024-08-22T15:23:22+00:00\" \/>\n<meta name=\"twitter:card\" content=\"summary_large_image\" \/>\n<meta name=\"twitter:site\" content=\"@hersocialapp\" \/>\n<script type=\"application\/ld+json\" class=\"yoast-schema-graph\">{\"@context\":\"https:\\\/\\\/schema.org\",\"@graph\":[{\"@type\":\"WebPage\",\"@id\":\"https:\\\/\\\/weareher.com\\\/fr\\\/lesbiennes-matures\\\/\",\"url\":\"https:\\\/\\\/weareher.com\\\/fr\\\/lesbiennes-matures\\\/\",\"name\":\"Die gr\u00f6\u00dfte Dating-App f\u00fcr reife Lesben - HER\",\"isPartOf\":{\"@id\":\"https:\\\/\\\/weareher.com\\\/fr\\\/#website\"},\"datePublished\":\"2024-08-11T22:40:00+00:00\",\"dateModified\":\"2024-08-22T15:23:22+00:00\",\"description\":\"Finde deine*n perfekte*n Partner*in in einer Community von reifen Lesben auf HER. Erlebe Dating, wo Liebe und Freundschaft in jedem Alter erbl\u00fchen.\",\"breadcrumb\":{\"@id\":\"https:\\\/\\\/weareher.com\\\/fr\\\/lesbiennes-matures\\\/#breadcrumb\"},\"inLanguage\":\"fr-FR\",\"potentialAction\":[{\"@type\":\"ReadAction\",\"target\":[\"https:\\\/\\\/weareher.com\\\/fr\\\/lesbiennes-matures\\\/\"]}]},{\"@type\":\"BreadcrumbList\",\"@id\":\"https:\\\/\\\/weareher.com\\\/fr\\\/lesbiennes-matures\\\/#breadcrumb\",\"itemListElement\":[{\"@type\":\"ListItem\",\"position\":1,\"name\":\"Home\",\"item\":\"https:\\\/\\\/weareher.com\\\/fr\\\/\"},{\"@type\":\"ListItem\",\"position\":2,\"name\":\"Reifes lesbisches Dating\"}]},{\"@type\":\"WebSite\",\"@id\":\"https:\\\/\\\/weareher.com\\\/fr\\\/#website\",\"url\":\"https:\\\/\\\/weareher.com\\\/fr\\\/\",\"name\":\"HER dating app\",\"description\":\"Lesbian and LGBTQ+ Dating App\",\"publisher\":{\"@id\":\"https:\\\/\\\/weareher.com\\\/fr\\\/#organization\"},\"alternateName\":\"HER app\",\"potentialAction\":[{\"@type\":\"SearchAction\",\"target\":{\"@type\":\"EntryPoint\",\"urlTemplate\":\"https:\\\/\\\/weareher.com\\\/fr\\\/?s={search_term_string}\"},\"query-input\":{\"@type\":\"PropertyValueSpecification\",\"valueRequired\":true,\"valueName\":\"search_term_string\"}}],\"inLanguage\":\"fr-FR\"},{\"@type\":\"Organization\",\"@id\":\"https:\\\/\\\/weareher.com\\\/fr\\\/#organization\",\"name\":\"HER Dating App\",\"alternateName\":\"HER app\",\"url\":\"https:\\\/\\\/weareher.com\\\/fr\\\/\",\"logo\":{\"@type\":\"ImageObject\",\"inLanguage\":\"fr-FR\",\"@id\":\"https:\\\/\\\/weareher.com\\\/fr\\\/#\\\/schema\\\/logo\\\/image\\\/\",\"url\":\"https:\\\/\\\/weareher.com\\\/wp-content\\\/uploads\\\/2021\\\/02\\\/Her-Logo-1.png\",\"contentUrl\":\"https:\\\/\\\/weareher.com\\\/wp-content\\\/uploads\\\/2021\\\/02\\\/Her-Logo-1.png\",\"width\":750,\"height\":752,\"caption\":\"HER Dating App\"},\"image\":{\"@id\":\"https:\\\/\\\/weareher.com\\\/fr\\\/#\\\/schema\\\/logo\\\/image\\\/\"},\"sameAs\":[\"https:\\\/\\\/www.facebook.com\\\/hersocialapp\",\"https:\\\/\\\/x.com\\\/hersocialapp\",\"https:\\\/\\\/www.instagram.com\\\/hersocialapp\",\"https:\\\/\\\/www.pinterest.com\\\/HerSocialApp\\\/her-app\",\"https:\\\/\\\/www.tiktok.com\\\/@hersocialapp\"],\"description\":\"Leading social and dating app specifically designed for lesbians, bisexuals, trans individuals, non-binary, and queer people. Connect, share, and find your match with HER app.\",\"ownershipFundingInfo\":\"https:\\\/\\\/weareher.com\\\/about\\\/\",\"actionableFeedbackPolicy\":\"https:\\\/\\\/weareher.com\\\/privacy\\\/\"}]}<\/script>\n<!-- \/ Yoast SEO Premium plugin. -->","yoast_head_json":{"title":"Die gr\u00f6\u00dfte Dating-App f\u00fcr reife Lesben - HER","description":"Finde deine*n perfekte*n Partner*in in einer Community von reifen Lesben auf HER. Erlebe Dating, wo Liebe und Freundschaft in jedem Alter erbl\u00fchen.","robots":{"index":"index","follow":"follow","max-snippet":"max-snippet:-1","max-image-preview":"max-image-preview:large","max-video-preview":"max-video-preview:-1"},"canonical":"https:\/\/weareher.com\/fr\/lesbiennes-matures\/","og_locale":"fr_FR","og_type":"article","og_title":"Reifes lesbisches Dating","og_description":"Finde deine*n perfekte*n Partner*in in einer Community von reifen Lesben auf HER. Erlebe Dating, wo Liebe und Freundschaft in jedem Alter erbl\u00fchen.","og_url":"https:\/\/weareher.com\/fr\/lesbiennes-matures\/","og_site_name":"HER","article_publisher":"https:\/\/www.facebook.com\/hersocialapp","article_modified_time":"2024-08-22T15:23:22+00:00","twitter_card":"summary_large_image","twitter_site":"@hersocialapp","schema":{"@context":"https:\/\/schema.org","@graph":[{"@type":"WebPage","@id":"https:\/\/weareher.com\/fr\/lesbiennes-matures\/","url":"https:\/\/weareher.com\/fr\/lesbiennes-matures\/","name":"Die gr\u00f6\u00dfte Dating-App f\u00fcr reife Lesben - HER","isPartOf":{"@id":"https:\/\/weareher.com\/fr\/#website"},"datePublished":"2024-08-11T22:40:00+00:00","dateModified":"2024-08-22T15:23:22+00:00","description":"Finde deine*n perfekte*n Partner*in in einer Community von reifen Lesben auf HER. Erlebe Dating, wo Liebe und Freundschaft in jedem Alter erbl\u00fchen.","breadcrumb":{"@id":"https:\/\/weareher.com\/fr\/lesbiennes-matures\/#breadcrumb"},"inLanguage":"fr-FR","potentialAction":[{"@type":"ReadAction","target":["https:\/\/weareher.com\/fr\/lesbiennes-matures\/"]}]},{"@type":"BreadcrumbList","@id":"https:\/\/weareher.com\/fr\/lesbiennes-matures\/#breadcrumb","itemListElement":[{"@type":"ListItem","position":1,"name":"Home","item":"https:\/\/weareher.com\/fr\/"},{"@type":"ListItem","position":2,"name":"Reifes lesbisches Dating"}]},{"@type":"WebSite","@id":"https:\/\/weareher.com\/fr\/#website","url":"https:\/\/weareher.com\/fr\/","name":"HER dating app","description":"Lesbian and LGBTQ+ Dating App","publisher":{"@id":"https:\/\/weareher.com\/fr\/#organization"},"alternateName":"HER app","potentialAction":[{"@type":"SearchAction","target":{"@type":"EntryPoint","urlTemplate":"https:\/\/weareher.com\/fr\/?s={search_term_string}"},"query-input":{"@type":"PropertyValueSpecification","valueRequired":true,"valueName":"search_term_string"}}],"inLanguage":"fr-FR"},{"@type":"Organization","@id":"https:\/\/weareher.com\/fr\/#organization","name":"HER Dating App","alternateName":"HER app","url":"https:\/\/weareher.com\/fr\/","logo":{"@type":"ImageObject","inLanguage":"fr-FR","@id":"https:\/\/weareher.com\/fr\/#\/schema\/logo\/image\/","url":"https:\/\/weareher.com\/wp-content\/uploads\/2021\/02\/Her-Logo-1.png","contentUrl":"https:\/\/weareher.com\/wp-content\/uploads\/2021\/02\/Her-Logo-1.png","width":750,"height":752,"caption":"HER Dating App"},"image":{"@id":"https:\/\/weareher.com\/fr\/#\/schema\/logo\/image\/"},"sameAs":["https:\/\/www.facebook.com\/hersocialapp","https:\/\/x.com\/hersocialapp","https:\/\/www.instagram.com\/hersocialapp","https:\/\/www.pinterest.com\/HerSocialApp\/her-app","https:\/\/www.tiktok.com\/@hersocialapp"],"description":"Leading social and dating app specifically designed for lesbians, bisexuals, trans individuals, non-binary, and queer people. Connect, share, and find your match with HER app.","ownershipFundingInfo":"https:\/\/weareher.com\/about\/","actionableFeedbackPolicy":"https:\/\/weareher.com\/privacy\/"}]}},"_links":{"self":[{"href":"https:\/\/weareher.com\/fr\/wp-json\/wp\/v2\/pages\/71203","targetHints":{"allow":["GET"]}}],"collection":[{"href":"https:\/\/weareher.com\/fr\/wp-json\/wp\/v2\/pages"}],"about":[{"href":"https:\/\/weareher.com\/fr\/wp-json\/wp\/v2\/types\/page"}],"author":[{"embeddable":true,"href":"https:\/\/weareher.com\/fr\/wp-json\/wp\/v2\/users\/44"}],"replies":[{"embeddable":true,"href":"https:\/\/weareher.com\/fr\/wp-json\/wp\/v2\/comments?post=71203"}],"version-history":[{"count":9,"href":"https:\/\/weareher.com\/fr\/wp-json\/wp\/v2\/pages\/71203\/revisions"}],"predecessor-version":[{"id":79259,"href":"https:\/\/weareher.com\/fr\/wp-json\/wp\/v2\/pages\/71203\/revisions\/79259"}],"wp:attachment":[{"href":"https:\/\/weareher.com\/fr\/wp-json\/wp\/v2\/media?parent=71203"}],"wp:term":[{"taxonomy":"author","embeddable":true,"href":"https:\/\/weareher.com\/fr\/wp-json\/wp\/v2\/ppma_author?post=71203"}],"curies":[{"name":"wp","href":"https:\/\/api.w.org\/{rel}","templated":true}]}}