{"id":77857,"date":"2024-06-15T05:59:00","date_gmt":"2024-06-15T05:59:00","guid":{"rendered":"https:\/\/weareher.com\/homepage\/"},"modified":"2024-08-26T22:49:43","modified_gmt":"2024-08-26T22:49:43","slug":"homepage","status":"publish","type":"page","link":"https:\/\/weareher.com\/pt-br\/","title":{"rendered":"P\u00e1gina Inicial"},"content":{"rendered":"","protected":false},"excerpt":{"rendered":"","protected":false},"author":1,"featured_media":0,"parent":0,"menu_order":0,"comment_status":"closed","ping_status":"closed","template":"","meta":{"inline_featured_image":false,"footnotes":""},"ppma_author":[1350,1357,1366],"class_list":["post-77857","page","type-page","status-publish","hentry"],"yoast_head":"<!-- This site is optimized with the Yoast SEO Premium plugin v26.0 (Yoast SEO v27.3) - https:\/\/yoast.com\/product\/yoast-seo-premium-wordpress\/ -->\n<title>Namoro l\u00e9sbico | Melhor LGBTQ+ app - HER<\/title>\n<meta name=\"description\" content=\"Descubra um aplicativo de namoro LGBTQIA+ inclusivo com a HER app, o app de relacionamento e social n\u00famero 1, feito por pessoas s\u00e1ficas para pessoas s\u00e1ficas.\" \/>\n<meta name=\"robots\" content=\"index, follow, max-snippet:-1, max-image-preview:large, max-video-preview:-1\" \/>\n<link rel=\"canonical\" href=\"https:\/\/weareher.com\/pt-br\/\" \/>\n<meta property=\"og:locale\" content=\"pt_BR\" \/>\n<meta property=\"og:type\" content=\"article\" \/>\n<meta property=\"og:title\" content=\"P\u00e1gina Inicial\" \/>\n<meta property=\"og:description\" content=\"Descubra um aplicativo de namoro LGBTQIA+ inclusivo com a HER app, o app de relacionamento e social n\u00famero 1, feito por pessoas s\u00e1ficas para pessoas s\u00e1ficas.\" \/>\n<meta property=\"og:url\" content=\"https:\/\/weareher.com\/pt-br\/\" \/>\n<meta property=\"og:site_name\" content=\"HER\" \/>\n<meta property=\"article:publisher\" content=\"https:\/\/www.facebook.com\/hersocialapp\" \/>\n<meta property=\"article:modified_time\" content=\"2024-08-26T22:49:43+00:00\" \/>\n<meta name=\"twitter:card\" content=\"summary_large_image\" \/>\n<meta name=\"twitter:site\" content=\"@hersocialapp\" \/>\n<script type=\"application\/ld+json\" class=\"yoast-schema-graph\">{\"@context\":\"https:\\\/\\\/schema.org\",\"@graph\":[{\"@type\":\"WebPage\",\"@id\":\"https:\\\/\\\/weareher.com\\\/pt-br\\\/\",\"url\":\"https:\\\/\\\/weareher.com\\\/pt-br\\\/\",\"name\":\"Namoro l\u00e9sbico | Melhor LGBTQ+ app - HER\",\"isPartOf\":{\"@id\":\"https:\\\/\\\/weareher.com\\\/pt-br\\\/#website\"},\"datePublished\":\"2024-06-15T05:59:00+00:00\",\"dateModified\":\"2024-08-26T22:49:43+00:00\",\"description\":\"Descubra um aplicativo de namoro LGBTQIA+ inclusivo com a HER app, o app de relacionamento e social n\u00famero 1, feito por pessoas s\u00e1ficas para pessoas s\u00e1ficas.\",\"breadcrumb\":{\"@id\":\"https:\\\/\\\/weareher.com\\\/pt-br\\\/#breadcrumb\"},\"inLanguage\":\"pt-BR\",\"potentialAction\":[{\"@type\":\"ReadAction\",\"target\":[\"https:\\\/\\\/weareher.com\\\/pt-br\\\/\"]}]},{\"@type\":\"BreadcrumbList\",\"@id\":\"https:\\\/\\\/weareher.com\\\/pt-br\\\/#breadcrumb\",\"itemListElement\":[{\"@type\":\"ListItem\",\"position\":1,\"name\":\"Home\",\"item\":\"https:\\\/\\\/weareher.com\\\/pt-br\\\/\"},{\"@type\":\"ListItem\",\"position\":2,\"name\":\"P\u00e1gina Inicial\"}]},{\"@type\":\"WebSite\",\"@id\":\"https:\\\/\\\/weareher.com\\\/pt-br\\\/#website\",\"url\":\"https:\\\/\\\/weareher.com\\\/pt-br\\\/\",\"name\":\"HER dating app\",\"description\":\"Lesbian and LGBTQ+ Dating App\",\"publisher\":{\"@id\":\"https:\\\/\\\/weareher.com\\\/pt-br\\\/#organization\"},\"alternateName\":\"HER app\",\"potentialAction\":[{\"@type\":\"SearchAction\",\"target\":{\"@type\":\"EntryPoint\",\"urlTemplate\":\"https:\\\/\\\/weareher.com\\\/pt-br\\\/?s={search_term_string}\"},\"query-input\":{\"@type\":\"PropertyValueSpecification\",\"valueRequired\":true,\"valueName\":\"search_term_string\"}}],\"inLanguage\":\"pt-BR\"},{\"@type\":\"Organization\",\"@id\":\"https:\\\/\\\/weareher.com\\\/pt-br\\\/#organization\",\"name\":\"HER Dating App\",\"alternateName\":\"HER app\",\"url\":\"https:\\\/\\\/weareher.com\\\/pt-br\\\/\",\"logo\":{\"@type\":\"ImageObject\",\"inLanguage\":\"pt-BR\",\"@id\":\"https:\\\/\\\/weareher.com\\\/pt-br\\\/#\\\/schema\\\/logo\\\/image\\\/\",\"url\":\"https:\\\/\\\/weareher.com\\\/wp-content\\\/uploads\\\/2021\\\/02\\\/Her-Logo-1.png\",\"contentUrl\":\"https:\\\/\\\/weareher.com\\\/wp-content\\\/uploads\\\/2021\\\/02\\\/Her-Logo-1.png\",\"width\":750,\"height\":752,\"caption\":\"HER Dating App\"},\"image\":{\"@id\":\"https:\\\/\\\/weareher.com\\\/pt-br\\\/#\\\/schema\\\/logo\\\/image\\\/\"},\"sameAs\":[\"https:\\\/\\\/www.facebook.com\\\/hersocialapp\",\"https:\\\/\\\/x.com\\\/hersocialapp\",\"https:\\\/\\\/www.instagram.com\\\/hersocialapp\",\"https:\\\/\\\/www.pinterest.com\\\/HerSocialApp\\\/her-app\",\"https:\\\/\\\/www.tiktok.com\\\/@hersocialapp\"],\"description\":\"Leading social and dating app specifically designed for lesbians, bisexuals, trans individuals, non-binary, and queer people. Connect, share, and find your match with HER app.\",\"ownershipFundingInfo\":\"https:\\\/\\\/weareher.com\\\/about\\\/\",\"actionableFeedbackPolicy\":\"https:\\\/\\\/weareher.com\\\/privacy\\\/\"}]}<\/script>\n<!-- \/ Yoast SEO Premium plugin. -->","yoast_head_json":{"title":"Namoro l\u00e9sbico | Melhor LGBTQ+ app - HER","description":"Descubra um aplicativo de namoro LGBTQIA+ inclusivo com a HER app, o app de relacionamento e social n\u00famero 1, feito por pessoas s\u00e1ficas para pessoas s\u00e1ficas.","robots":{"index":"index","follow":"follow","max-snippet":"max-snippet:-1","max-image-preview":"max-image-preview:large","max-video-preview":"max-video-preview:-1"},"canonical":"https:\/\/weareher.com\/pt-br\/","og_locale":"pt_BR","og_type":"article","og_title":"P\u00e1gina Inicial","og_description":"Descubra um aplicativo de namoro LGBTQIA+ inclusivo com a HER app, o app de relacionamento e social n\u00famero 1, feito por pessoas s\u00e1ficas para pessoas s\u00e1ficas.","og_url":"https:\/\/weareher.com\/pt-br\/","og_site_name":"HER","article_publisher":"https:\/\/www.facebook.com\/hersocialapp","article_modified_time":"2024-08-26T22:49:43+00:00","twitter_card":"summary_large_image","twitter_site":"@hersocialapp","schema":{"@context":"https:\/\/schema.org","@graph":[{"@type":"WebPage","@id":"https:\/\/weareher.com\/pt-br\/","url":"https:\/\/weareher.com\/pt-br\/","name":"Namoro l\u00e9sbico | Melhor LGBTQ+ app - HER","isPartOf":{"@id":"https:\/\/weareher.com\/pt-br\/#website"},"datePublished":"2024-06-15T05:59:00+00:00","dateModified":"2024-08-26T22:49:43+00:00","description":"Descubra um aplicativo de namoro LGBTQIA+ inclusivo com a HER app, o app de relacionamento e social n\u00famero 1, feito por pessoas s\u00e1ficas para pessoas s\u00e1ficas.","breadcrumb":{"@id":"https:\/\/weareher.com\/pt-br\/#breadcrumb"},"inLanguage":"pt-BR","potentialAction":[{"@type":"ReadAction","target":["https:\/\/weareher.com\/pt-br\/"]}]},{"@type":"BreadcrumbList","@id":"https:\/\/weareher.com\/pt-br\/#breadcrumb","itemListElement":[{"@type":"ListItem","position":1,"name":"Home","item":"https:\/\/weareher.com\/pt-br\/"},{"@type":"ListItem","position":2,"name":"P\u00e1gina Inicial"}]},{"@type":"WebSite","@id":"https:\/\/weareher.com\/pt-br\/#website","url":"https:\/\/weareher.com\/pt-br\/","name":"HER dating app","description":"Lesbian and LGBTQ+ Dating App","publisher":{"@id":"https:\/\/weareher.com\/pt-br\/#organization"},"alternateName":"HER app","potentialAction":[{"@type":"SearchAction","target":{"@type":"EntryPoint","urlTemplate":"https:\/\/weareher.com\/pt-br\/?s={search_term_string}"},"query-input":{"@type":"PropertyValueSpecification","valueRequired":true,"valueName":"search_term_string"}}],"inLanguage":"pt-BR"},{"@type":"Organization","@id":"https:\/\/weareher.com\/pt-br\/#organization","name":"HER Dating App","alternateName":"HER app","url":"https:\/\/weareher.com\/pt-br\/","logo":{"@type":"ImageObject","inLanguage":"pt-BR","@id":"https:\/\/weareher.com\/pt-br\/#\/schema\/logo\/image\/","url":"https:\/\/weareher.com\/wp-content\/uploads\/2021\/02\/Her-Logo-1.png","contentUrl":"https:\/\/weareher.com\/wp-content\/uploads\/2021\/02\/Her-Logo-1.png","width":750,"height":752,"caption":"HER Dating App"},"image":{"@id":"https:\/\/weareher.com\/pt-br\/#\/schema\/logo\/image\/"},"sameAs":["https:\/\/www.facebook.com\/hersocialapp","https:\/\/x.com\/hersocialapp","https:\/\/www.instagram.com\/hersocialapp","https:\/\/www.pinterest.com\/HerSocialApp\/her-app","https:\/\/www.tiktok.com\/@hersocialapp"],"description":"Leading social and dating app specifically designed for lesbians, bisexuals, trans individuals, non-binary, and queer people. Connect, share, and find your match with HER app.","ownershipFundingInfo":"https:\/\/weareher.com\/about\/","actionableFeedbackPolicy":"https:\/\/weareher.com\/privacy\/"}]}},"_links":{"self":[{"href":"https:\/\/weareher.com\/pt-br\/wp-json\/wp\/v2\/pages\/77857","targetHints":{"allow":["GET"]}}],"collection":[{"href":"https:\/\/weareher.com\/pt-br\/wp-json\/wp\/v2\/pages"}],"about":[{"href":"https:\/\/weareher.com\/pt-br\/wp-json\/wp\/v2\/types\/page"}],"author":[{"embeddable":true,"href":"https:\/\/weareher.com\/pt-br\/wp-json\/wp\/v2\/users\/1"}],"replies":[{"embeddable":true,"href":"https:\/\/weareher.com\/pt-br\/wp-json\/wp\/v2\/comments?post=77857"}],"version-history":[{"count":8,"href":"https:\/\/weareher.com\/pt-br\/wp-json\/wp\/v2\/pages\/77857\/revisions"}],"predecessor-version":[{"id":78674,"href":"https:\/\/weareher.com\/pt-br\/wp-json\/wp\/v2\/pages\/77857\/revisions\/78674"}],"wp:attachment":[{"href":"https:\/\/weareher.com\/pt-br\/wp-json\/wp\/v2\/media?parent=77857"}],"wp:term":[{"taxonomy":"author","embeddable":true,"href":"https:\/\/weareher.com\/pt-br\/wp-json\/wp\/v2\/ppma_author?post=77857"}],"curies":[{"name":"wp","href":"https:\/\/api.w.org\/{rel}","templated":true}]}}